{"id":772,"date":"2022-04-25T16:17:06","date_gmt":"2022-04-25T16:17:06","guid":{"rendered":"https:\/\/www.tecnimat.com\/sectors\/"},"modified":"2022-06-13T10:15:10","modified_gmt":"2022-06-13T10:15:10","slug":"sectors","status":"publish","type":"page","link":"https:\/\/www.tecnimat.com\/ca\/sectors\/","title":{"rendered":"SECTORS"},"content":{"rendered":"\t\t<div data-elementor-type=\"wp-page\" data-elementor-id=\"772\" class=\"elementor elementor-772 elementor-257\" data-elementor-post-type=\"page\">\n\t\t\t\t\t\t<section class=\"elementor-section elementor-top-section elementor-element elementor-element-ccd7e94 elementor-section-full_width elementor-section-height-default elementor-section-height-default\" data-id=\"ccd7e94\" data-element_type=\"section\" data-settings=\"{&quot;background_background&quot;:&quot;classic&quot;}\">\n\t\t\t\t\t\t<div class=\"elementor-container elementor-column-gap-no\">\n\t\t\t\t\t<div class=\"elementor-column elementor-col-100 elementor-top-column elementor-element elementor-element-83375a3\" data-id=\"83375a3\" data-element_type=\"column\" data-settings=\"{&quot;background_background&quot;:&quot;classic&quot;}\">\n\t\t\t<div class=\"elementor-widget-wrap elementor-element-populated\">\n\t\t\t\t\t\t<div class=\"elementor-element elementor-element-6569f15 elementor-widget elementor-widget-heading\" data-id=\"6569f15\" data-element_type=\"widget\" data-widget_type=\"heading.default\">\n\t\t\t\t<div class=\"elementor-widget-container\">\n\t\t\t\t\t<h3 class=\"elementor-heading-title elementor-size-default\">Sectors<\/h3>\t\t\t\t<\/div>\n\t\t\t\t<\/div>\n\t\t\t\t<div class=\"elementor-element elementor-element-e2b7a9b elementor-widget elementor-widget-text-editor\" data-id=\"e2b7a9b\" data-element_type=\"widget\" data-widget_type=\"text-editor.default\">\n\t\t\t\t<div class=\"elementor-widget-container\">\n\t\t\t\t\t\t\t\t\t<p>Maximitzant confian\u00e7a, Minimising Cost<\/p>\t\t\t\t\t\t\t\t<\/div>\n\t\t\t\t<\/div>\n\t\t\t\t\t<\/div>\n\t\t<\/div>\n\t\t\t\t\t<\/div>\n\t\t<\/section>\n\t\t\t\t<section class=\"elementor-section elementor-top-section elementor-element elementor-element-ba610f0 elementor-section-boxed elementor-section-height-default elementor-section-height-default\" data-id=\"ba610f0\" data-element_type=\"section\">\n\t\t\t\t\t\t<div class=\"elementor-container elementor-column-gap-default\">\n\t\t\t\t\t<div class=\"elementor-column elementor-col-100 elementor-top-column elementor-element elementor-element-165cf29\" data-id=\"165cf29\" data-element_type=\"column\">\n\t\t\t<div class=\"elementor-widget-wrap elementor-element-populated\">\n\t\t\t\t\t\t<div class=\"elementor-element elementor-element-5e28a5c elementor-widget elementor-widget-heading\" data-id=\"5e28a5c\" data-element_type=\"widget\" data-widget_type=\"heading.default\">\n\t\t\t\t<div class=\"elementor-widget-container\">\n\t\t\t\t\t<h2 class=\"elementor-heading-title elementor-size-default\">ALIMENTANT ELS SEUS SISTEMES DE COMUNICACI\u00d3 I SEGURETAT<\/h2>\t\t\t\t<\/div>\n\t\t\t\t<\/div>\n\t\t\t\t<div class=\"elementor-element elementor-element-48cd91c elementor-widget elementor-widget-heading\" data-id=\"48cd91c\" data-element_type=\"widget\" data-widget_type=\"heading.default\">\n\t\t\t\t<div class=\"elementor-widget-container\">\n\t\t\t\t\t<h2 class=\"elementor-heading-title elementor-size-default\">Tecnologies i serveis que alliberen valor<\/h2>\t\t\t\t<\/div>\n\t\t\t\t<\/div>\n\t\t\t\t<div class=\"elementor-element elementor-element-6f2d333 elementor-widget elementor-widget-heading\" data-id=\"6f2d333\" data-element_type=\"widget\" data-widget_type=\"heading.default\">\n\t\t\t\t<div class=\"elementor-widget-container\">\n\t\t\t\t\t<h2 class=\"elementor-heading-title elementor-size-default\">Tecnimat proporciona solucions d'\u00faltima generaci\u00f3 que poden anar un pas per davant de les amenaces de seguretat globals, en constant evoluci\u00f3 i creixement, per protegir tant les persones com els actius de la manera m\u00e9s efica\u00e7 possible.<\/h2>\t\t\t\t<\/div>\n\t\t\t\t<\/div>\n\t\t\t\t\t<\/div>\n\t\t<\/div>\n\t\t\t\t\t<\/div>\n\t\t<\/section>\n\t\t\t\t<section class=\"elementor-section elementor-top-section elementor-element elementor-element-bdb3ca0 elementor-section-boxed elementor-section-height-default elementor-section-height-default\" data-id=\"bdb3ca0\" data-element_type=\"section\">\n\t\t\t\t\t\t<div class=\"elementor-container elementor-column-gap-default\">\n\t\t\t\t\t<div class=\"elementor-column elementor-col-50 elementor-top-column elementor-element elementor-element-d9b7ced\" data-id=\"d9b7ced\" data-element_type=\"column\">\n\t\t\t<div class=\"elementor-widget-wrap elementor-element-populated\">\n\t\t\t\t\t\t<div class=\"elementor-element elementor-element-2310848 elementor-widget elementor-widget-image\" data-id=\"2310848\" data-element_type=\"widget\" data-widget_type=\"image.default\">\n\t\t\t\t<div class=\"elementor-widget-container\">\n\t\t\t\t\t\t\t\t\t\t\t\t\t\t\t<img fetchpriority=\"high\" decoding=\"async\" width=\"1024\" height=\"685\" src=\"https:\/\/www.tecnimat.com\/wp-content\/uploads\/2022\/04\/img33-1024x685.jpg\" class=\"attachment-large size-large wp-image-265\" alt=\"Empresa de servicios de\" srcset=\"https:\/\/www.tecnimat.com\/wp-content\/uploads\/2022\/04\/img33-1024x685.jpg 1024w, https:\/\/www.tecnimat.com\/wp-content\/uploads\/2022\/04\/img33-300x201.jpg 300w, https:\/\/www.tecnimat.com\/wp-content\/uploads\/2022\/04\/img33-768x514.jpg 768w, https:\/\/www.tecnimat.com\/wp-content\/uploads\/2022\/04\/img33-1536x1028.jpg 1536w, https:\/\/www.tecnimat.com\/wp-content\/uploads\/2022\/04\/img33.jpg 2000w\" sizes=\"(max-width: 1024px) 100vw, 1024px\" title=\"Empresa de servicios de\">\t\t\t\t\t\t\t\t\t\t\t\t\t\t\t<\/div>\n\t\t\t\t<\/div>\n\t\t\t\t\t<\/div>\n\t\t<\/div>\n\t\t\t\t<div class=\"elementor-column elementor-col-50 elementor-top-column elementor-element elementor-element-edb9371\" data-id=\"edb9371\" data-element_type=\"column\">\n\t\t\t<div class=\"elementor-widget-wrap elementor-element-populated\">\n\t\t\t\t\t\t<div class=\"elementor-element elementor-element-35f03b1 elementor-widget elementor-widget-image\" data-id=\"35f03b1\" data-element_type=\"widget\" data-widget_type=\"image.default\">\n\t\t\t\t<div class=\"elementor-widget-container\">\n\t\t\t\t\t\t\t\t\t\t\t\t\t\t\t<img decoding=\"async\" width=\"1024\" height=\"682\" src=\"https:\/\/www.tecnimat.com\/wp-content\/uploads\/2022\/04\/many-network-cables-plugged-into-ports-of-network-switch-1024x682.jpg\" class=\"attachment-large size-large wp-image-262\" alt=\"Many network cables plugged into ports of network switch\" srcset=\"https:\/\/www.tecnimat.com\/wp-content\/uploads\/2022\/04\/many-network-cables-plugged-into-ports-of-network-switch-1024x682.jpg 1024w, https:\/\/www.tecnimat.com\/wp-content\/uploads\/2022\/04\/many-network-cables-plugged-into-ports-of-network-switch-300x200.jpg 300w, https:\/\/www.tecnimat.com\/wp-content\/uploads\/2022\/04\/many-network-cables-plugged-into-ports-of-network-switch-768x512.jpg 768w, https:\/\/www.tecnimat.com\/wp-content\/uploads\/2022\/04\/many-network-cables-plugged-into-ports-of-network-switch-1536x1024.jpg 1536w, https:\/\/www.tecnimat.com\/wp-content\/uploads\/2022\/04\/many-network-cables-plugged-into-ports-of-network-switch.jpg 2000w\" sizes=\"(max-width: 1024px) 100vw, 1024px\" title=\"Empresa de servicios de\">\t\t\t\t\t\t\t\t\t\t\t\t\t\t\t<\/div>\n\t\t\t\t<\/div>\n\t\t\t\t\t<\/div>\n\t\t<\/div>\n\t\t\t\t\t<\/div>\n\t\t<\/section>\n\t\t\t\t<section class=\"elementor-section elementor-top-section elementor-element elementor-element-637d79b elementor-section-boxed elementor-section-height-default elementor-section-height-default\" data-id=\"637d79b\" data-element_type=\"section\">\n\t\t\t\t\t\t<div class=\"elementor-container elementor-column-gap-default\">\n\t\t\t\t\t<div class=\"elementor-column elementor-col-50 elementor-top-column elementor-element elementor-element-9fe9f64\" data-id=\"9fe9f64\" data-element_type=\"column\">\n\t\t\t<div class=\"elementor-widget-wrap elementor-element-populated\">\n\t\t\t\t\t\t<div class=\"elementor-element elementor-element-12dfa9d elementor-widget elementor-widget-image\" data-id=\"12dfa9d\" data-element_type=\"widget\" data-widget_type=\"image.default\">\n\t\t\t\t<div class=\"elementor-widget-container\">\n\t\t\t\t\t\t\t\t\t\t\t\t\t\t\t<img decoding=\"async\" width=\"1024\" height=\"682\" src=\"https:\/\/www.tecnimat.com\/wp-content\/uploads\/2022\/04\/network-cables-1024x682.jpg\" class=\"attachment-large size-large wp-image-263\" alt=\"Network cables\" srcset=\"https:\/\/www.tecnimat.com\/wp-content\/uploads\/2022\/04\/network-cables-1024x682.jpg 1024w, https:\/\/www.tecnimat.com\/wp-content\/uploads\/2022\/04\/network-cables-300x200.jpg 300w, https:\/\/www.tecnimat.com\/wp-content\/uploads\/2022\/04\/network-cables-768x512.jpg 768w, https:\/\/www.tecnimat.com\/wp-content\/uploads\/2022\/04\/network-cables-1536x1024.jpg 1536w, https:\/\/www.tecnimat.com\/wp-content\/uploads\/2022\/04\/network-cables.jpg 2000w\" sizes=\"(max-width: 1024px) 100vw, 1024px\" title=\"Empresa de servicios de\">\t\t\t\t\t\t\t\t\t\t\t\t\t\t\t<\/div>\n\t\t\t\t<\/div>\n\t\t\t\t\t<\/div>\n\t\t<\/div>\n\t\t\t\t<div class=\"elementor-column elementor-col-50 elementor-top-column elementor-element elementor-element-5198cbb\" data-id=\"5198cbb\" data-element_type=\"column\">\n\t\t\t<div class=\"elementor-widget-wrap elementor-element-populated\">\n\t\t\t\t\t\t<div class=\"elementor-element elementor-element-2f12a4d elementor-widget elementor-widget-image\" data-id=\"2f12a4d\" data-element_type=\"widget\" data-widget_type=\"image.default\">\n\t\t\t\t<div class=\"elementor-widget-container\">\n\t\t\t\t\t\t\t\t\t\t\t\t\t\t\t<img loading=\"lazy\" decoding=\"async\" width=\"1024\" height=\"682\" src=\"https:\/\/www.tecnimat.com\/wp-content\/uploads\/2022\/04\/network-server-room-1024x682.jpg\" class=\"attachment-large size-large wp-image-264\" alt=\"network server room\" srcset=\"https:\/\/www.tecnimat.com\/wp-content\/uploads\/2022\/04\/network-server-room-1024x682.jpg 1024w, https:\/\/www.tecnimat.com\/wp-content\/uploads\/2022\/04\/network-server-room-300x200.jpg 300w, https:\/\/www.tecnimat.com\/wp-content\/uploads\/2022\/04\/network-server-room-768x512.jpg 768w, https:\/\/www.tecnimat.com\/wp-content\/uploads\/2022\/04\/network-server-room-1536x1024.jpg 1536w, https:\/\/www.tecnimat.com\/wp-content\/uploads\/2022\/04\/network-server-room.jpg 2000w\" sizes=\"(max-width: 1024px) 100vw, 1024px\" title=\"Empresa de servicios de\">\t\t\t\t\t\t\t\t\t\t\t\t\t\t\t<\/div>\n\t\t\t\t<\/div>\n\t\t\t\t\t<\/div>\n\t\t<\/div>\n\t\t\t\t\t<\/div>\n\t\t<\/section>\n\t\t\t\t<\/div>\n\t\t","protected":false},"excerpt":{"rendered":"<p>Sectors Maximitzant confian\u00e7a, Minimising Cost ALIMENTANT ELS SEUS SISTEMES DE COMUNICACI\u00d3 I SEGURETAT Tecnologies i serveis que alliberen valor Tecnimat proporciona solucions d&#8217;\u00faltima generaci\u00f3 que poden anar un pas per davant de les amenaces de seguretat globals, en constant evoluci\u00f3 i creixement, per protegir tant les persones com els actius de la manera m\u00e9s efica\u00e7 [&hellip;]<\/p>\n","protected":false},"author":1,"featured_media":0,"parent":0,"menu_order":0,"comment_status":"closed","ping_status":"closed","template":"","meta":{"site-sidebar-layout":"no-sidebar","site-content-layout":"page-builder","ast-site-content-layout":"default","site-content-style":"default","site-sidebar-style":"default","ast-global-header-display":"","ast-banner-title-visibility":"","ast-main-header-display":"","ast-hfb-above-header-display":"","ast-hfb-below-header-display":"","ast-hfb-mobile-header-display":"","site-post-title":"disabled","ast-breadcrumbs-content":"","ast-featured-img":"disabled","footer-sml-layout":"","ast-disable-related-posts":"","theme-transparent-header-meta":"","adv-header-id-meta":"","stick-header-meta":"","header-above-stick-meta":"","header-main-stick-meta":"","header-below-stick-meta":"","astra-migrate-meta-layouts":"default","ast-page-background-enabled":"default","ast-page-background-meta":{"desktop":{"background-color":"var(--ast-global-color-4)","background-image":"","background-repeat":"repeat","background-position":"center center","background-size":"auto","background-attachment":"scroll","background-type":"","background-media":"","overlay-type":"","overlay-color":"","overlay-opacity":"","overlay-gradient":""},"tablet":{"background-color":"","background-image":"","background-repeat":"repeat","background-position":"center center","background-size":"auto","background-attachment":"scroll","background-type":"","background-media":"","overlay-type":"","overlay-color":"","overlay-opacity":"","overlay-gradient":""},"mobile":{"background-color":"","background-image":"","background-repeat":"repeat","background-position":"center center","background-size":"auto","background-attachment":"scroll","background-type":"","background-media":"","overlay-type":"","overlay-color":"","overlay-opacity":"","overlay-gradient":""}},"ast-content-background-meta":{"desktop":{"background-color":"var(--ast-global-color-5)","background-image":"","background-repeat":"repeat","background-position":"center center","background-size":"auto","background-attachment":"scroll","background-type":"","background-media":"","overlay-type":"","overlay-color":"","overlay-opacity":"","overlay-gradient":""},"tablet":{"background-color":"var(--ast-global-color-5)","background-image":"","background-repeat":"repeat","background-position":"center center","background-size":"auto","background-attachment":"scroll","background-type":"","background-media":"","overlay-type":"","overlay-color":"","overlay-opacity":"","overlay-gradient":""},"mobile":{"background-color":"var(--ast-global-color-5)","background-image":"","background-repeat":"repeat","background-position":"center center","background-size":"auto","background-attachment":"scroll","background-type":"","background-media":"","overlay-type":"","overlay-color":"","overlay-opacity":"","overlay-gradient":""}},"footnotes":""},"class_list":["post-772","page","type-page","status-publish","hentry"],"_links":{"self":[{"href":"https:\/\/www.tecnimat.com\/ca\/wp-json\/wp\/v2\/pages\/772","targetHints":{"allow":["GET"]}}],"collection":[{"href":"https:\/\/www.tecnimat.com\/ca\/wp-json\/wp\/v2\/pages"}],"about":[{"href":"https:\/\/www.tecnimat.com\/ca\/wp-json\/wp\/v2\/types\/page"}],"author":[{"embeddable":true,"href":"https:\/\/www.tecnimat.com\/ca\/wp-json\/wp\/v2\/users\/1"}],"replies":[{"embeddable":true,"href":"https:\/\/www.tecnimat.com\/ca\/wp-json\/wp\/v2\/comments?post=772"}],"version-history":[{"count":0,"href":"https:\/\/www.tecnimat.com\/ca\/wp-json\/wp\/v2\/pages\/772\/revisions"}],"wp:attachment":[{"href":"https:\/\/www.tecnimat.com\/ca\/wp-json\/wp\/v2\/media?parent=772"}],"curies":[{"name":"wp","href":"https:\/\/api.w.org\/{rel}","templated":true}]}}