{"id":823,"date":"2023-09-26T07:17:35","date_gmt":"2023-09-26T07:17:35","guid":{"rendered":"https:\/\/www.tecnimat.com\/politica-de-cookies\/"},"modified":"2023-09-26T07:22:51","modified_gmt":"2023-09-26T07:22:51","slug":"politica-de-cookies","status":"publish","type":"page","link":"https:\/\/www.tecnimat.com\/ca\/politica-de-cookies\/","title":{"rendered":"Pol\u00edtica de cookies"},"content":{"rendered":"\t\t<div data-elementor-type=\"wp-page\" data-elementor-id=\"823\" class=\"elementor elementor-823 elementor-821\" data-elementor-post-type=\"page\">\n\t\t\t\t\t\t<section class=\"elementor-section elementor-top-section elementor-element elementor-element-ccd7e94 elementor-section-full_width elementor-section-height-default elementor-section-height-default\" data-id=\"ccd7e94\" data-element_type=\"section\" data-settings=\"{&quot;background_background&quot;:&quot;classic&quot;}\">\n\t\t\t\t\t\t<div class=\"elementor-container elementor-column-gap-no\">\n\t\t\t\t\t<div class=\"elementor-column elementor-col-100 elementor-top-column elementor-element elementor-element-83375a3\" data-id=\"83375a3\" data-element_type=\"column\" data-settings=\"{&quot;background_background&quot;:&quot;classic&quot;}\">\n\t\t\t<div class=\"elementor-widget-wrap elementor-element-populated\">\n\t\t\t\t\t\t<div class=\"elementor-element elementor-element-6569f15 elementor-widget elementor-widget-heading\" data-id=\"6569f15\" data-element_type=\"widget\" data-widget_type=\"heading.default\">\n\t\t\t\t<div class=\"elementor-widget-container\">\n\t\t\t\t\t<h3 class=\"elementor-heading-title elementor-size-default\">POL\u00cdTICA DE PRIVACITAT<\/h3>\t\t\t\t<\/div>\n\t\t\t\t<\/div>\n\t\t\t\t\t<\/div>\n\t\t<\/div>\n\t\t\t\t\t<\/div>\n\t\t<\/section>\n\t\t\t\t<section class=\"elementor-section elementor-top-section elementor-element elementor-element-ba610f0 elementor-section-boxed elementor-section-height-default elementor-section-height-default\" data-id=\"ba610f0\" data-element_type=\"section\">\n\t\t\t\t\t\t<div class=\"elementor-container elementor-column-gap-default\">\n\t\t\t\t\t<div class=\"elementor-column elementor-col-100 elementor-top-column elementor-element elementor-element-165cf29\" data-id=\"165cf29\" data-element_type=\"column\">\n\t\t\t<div class=\"elementor-widget-wrap elementor-element-populated\">\n\t\t\t\t\t\t<div class=\"elementor-element elementor-element-ff4e169 elementor-widget elementor-widget-text-editor\" data-id=\"ff4e169\" data-element_type=\"widget\" data-widget_type=\"text-editor.default\">\n\t\t\t\t<div class=\"elementor-widget-container\">\n\t\t\t\t\t\t\t\t\t<h4>Dades del propietari de la web:  <\/h4>\n<table border=\"1\" width=\"100%\" cellspacing=\"0\" cellpadding=\"5\">\n<tbody>\n<tr>\n<td>RA\u00d3 SOCIAL<\/td>\n<td>TECNIMAT ELECTRONICA I COMUNICACIONS SL<\/td>\n<\/tr>\n<tr>\n<td>NIF<\/td>\n<td>B59824003<\/td>\n<\/tr>\n<tr>\n<td>DOMINI<\/td>\n<td>https:\/\/www.tecnimat.com\/<\/td>\n<\/tr>\n<tr>\n<td>ADRE\u00c7A POSTAL<\/td>\n<td>C ROGER DE LLURIA 113,08223 TERRASSA (BARCELONA)<\/td>\n<\/tr>\n<tr>\n<td>ADRE\u00c7A ELECTR\u00d2NICA<\/td>\n<td>admin@tecnimat.com<\/td>\n<\/tr>\n<tr>\n<td>TEL\u00c8FONS<\/td>\n<td>937843352<\/td>\n<\/tr>\n<tr>\n<td>N\u00ba REGISTRE\/<\/td>\n<p> <\/p>\n<td>DADES<\/td>\n<p> <\/p>\n<td>ADDICIONALS<\/td>\n<td>Tom: 31895<\/td>\n<p> <\/p>\n<td>Foli: 105<\/td>\n<p> <\/p>\n<td>Full: 200222<\/td>\n<p> <\/p>\n<td>Inscripci\u00f3: 1a<\/td>\n<\/tr>\n<\/tbody>\n<\/table>\n<h4>Protecci\u00f3 de dades<\/h4>\n<p>De conformitat amb la normativa vigent i aplicable en protecci\u00f3 de dades de car\u00e0cter personal, us informem que les vostres dades seran incorporades al sistema de tractament titularitat de TECNIMAT ELECTRONICA I COMUNICACIONS SL amb NIF B59824003 i domicili social situat a C ROGER DE LLURIA 113,08223 TERRASSA (BARCELONA), i que a continuaci\u00f3 es relacionen les seves respectives finalitats, terminis de conservaci\u00f3 i bases legitimadores:<\/p>\n<table border=\"1\" width=\"100%\" cellspacing=\"0\" cellpadding=\"5\">\n<tbody>\n<tr>\n<td colspan=\"2\" align=\"center\"><strong>TRACTAMENTS REALITZATS<\/strong><\/td>\n<\/tr>\n<tr>\n<td>Gesti\u00f3 usuaris web<\/td>\n<td>\n<p><strong>Finalitat:<\/strong> Captaci\u00f3, registre i tractament de dades de lusuari<\/p>\n<p> <strong>Termini de conservaci\u00f3:<\/strong> mentre es mantingui el consentiment prestat, excepte<br \/>obligaci\u00f3 legal.<\/p>\n<p> <strong>Base leg\u00edtima:<\/strong> El consentiment de linteressat.<\/p>\n<p> <strong>Tipologia de Dades:<\/strong> Dades b\u00e0siques: Nom i cognoms, Adre\u00e7a electr\u00f2nica<\/p>\n<\/td>\n<\/tr>\n<tr>\n<td>Instal\u00b7laci\u00f3 de cookies<\/td>\n<td><strong>Finalitat:<\/strong> Gesti\u00f3 i instal\u00b7laci\u00f3 de les cookies<\/td>\n<p> <\/p>\n<td><strong>Termini de conservaci\u00f3:<\/strong> mentre es mantingui el consentiment prestat.<\/td>\n<p> <\/p>\n<td><strong>Base leg\u00edtima:<\/strong> El consentiment de linteressat.<\/td>\n<p> <\/p>\n<td><strong>Tipologia de Dades:<\/strong> Dades b\u00e0siques: Adre\u00e7a electr\u00f2nica, Adre\u00e7a IP<\/td>\n<\/tr>\n<tr>\n<td>Gesti\u00f3 Formulari web<\/td>\n<td><strong>Finalitat:<\/strong> Atendre les vostres consultes i\/o sol\u00b7licituds<\/td>\n<p> <\/p>\n<td><strong>Termini de conservaci\u00f3:<\/strong> mentre es mantingui el consentiment prestat.<\/td>\n<p> <\/p>\n<td><strong>Base leg\u00edtima:<\/strong> El consentiment de linteressat.<\/td>\n<p> <\/p>\n<td><strong>Tipologia de Dades:<\/strong> Dades b\u00e0siques: Nom i cognoms, Adre\u00e7a electr\u00f2nica, Adre\u00e7a IP<\/td>\n<\/tr>\n<\/tbody>\n<\/table>\n<p>Alhora, us informem que podeu contactar amb el Delegat de Protecci\u00f3 de Dades, dirigint-vos per escrit a<br \/>l&#8217;adre\u00e7a de correu &#8230;&#8230;&#8230;&#8230;&#8230;&#8230;&#8230;&#8230;&#8230;&#8230;&#8230;&#8230;&#8230;&#8230;&#8230;. &#8230;&#8230;&#8230;&#8230;&#8230; o al tel\u00e8fon &#8230;&#8230;&#8230;&#8230;&#8230;&#8230;&#8230;&#8230;&#8230;&#8230;&#8230;&#8230;&#8230;&#8230;&#8230;.. &#8230;&#8230;&#8230;&#8230;..<\/p>\n<h3>Drets dels interessats<\/h3>\n<p>TECNIMAT ELECTRONICA I COMUNICACIONS SL informa als Usuaris que, podr\u00e0 exercir els drets d&#8217;acc\u00e9s, rectificaci\u00f3, limitaci\u00f3, supressi\u00f3, portabilitat, oposici\u00f3 al tractament de les seves dades de car\u00e0cter personal i el dret a no ser objecte de decisions automatitzades, inclosa l&#8217;elaboraci\u00f3 de perfils, davant del Responsable del Tractament, aix\u00ed com a la retirada del consentiment prestat<\/p>\n<ul>\n<li><strong>Dret d&#8217;acc\u00e9s<\/strong> : \u00c9s el dret de l&#8217;usuari a obtenir confirmaci\u00f3 sobre si s&#8217;estan tractant les vostres dades i, en aquest cas, les dades personals tractades concretes i la informaci\u00f3 legal del tractament (finalitats, base legitimadora, terminis de conservaci\u00f3, cessions, origen de les dades, etc.).<\/li>\n<li><strong>Dret de Rectificaci\u00f3<\/strong> : \u00c9s el dret de l&#8217;afectat al fet que es modifiquin les dades que resultin ser inexactes o incomplets. Pel que fa a la p\u00e0gina web, nom\u00e9s es podr\u00e0 satisfer en relaci\u00f3 amb aquella informaci\u00f3 que estigui sota el control del lloc web, per exemple, eliminar comentaris publicats a la pr\u00f2pia p\u00e0gina, imatges o continguts web on constin dades de car\u00e0cter personal de l&#8217;usuari.<\/li>\n<li><strong>Dret a la Limitaci\u00f3 de tractament<\/strong> : \u00c9s el dret que es limitin els fins del tractament previstos de forma original pel responsable del tractament en determinats sup\u00f2sits.<\/li>\n<li><strong>Dret de Supressi\u00f3<\/strong> : \u00c9s el dret a suprimir les dades de car\u00e0cter personal de l&#8217;usuari, a excepci\u00f3 del que preveu el mateix RGPD (llibertat d&#8217;expressi\u00f3 i informaci\u00f3, obligacions de conservaci\u00f3, formulaci\u00f3, exercici o defensa de reclamacions, etc.).<\/li>\n<li><strong>Dret a la Portabilitat<\/strong>: El dret a rebre les dades personals que l&#8217;usuari hagi facilitat, en un format estructurat, d&#8217;\u00fas com\u00fa i lectura mec\u00e0nica, ia transmetre&#8217;ls a un altre responsable quan el tractament est\u00e0 basat en el consentiment o l&#8217;execuci\u00f3 d&#8217;un contracte i s&#8217;efectu\u00ef per mitjans automatitzats.<\/li>\n<li><strong>Dret d&#8217;oposici\u00f3<\/strong>: \u00c9s el dret de l&#8217;usuari que no es dugui a terme el tractament de les seves dades de car\u00e0cter personal o se&#8217;n cessi el tractament per part del lloc web quan el tractament estigui basat en l&#8217;inter\u00e8s leg\u00edtim o l&#8217;inter\u00e8s p\u00fablic o quan es tracti de tractaments de m\u00e0rqueting directe.<\/li>\n<li><strong>Dret a no ser objecte de decisions automatitzades, inclosa l&#8217;elaboraci\u00f3 de perfils<\/strong> : Quan el tractament no \u00e9s necessari per a la celebraci\u00f3 o execuci\u00f3 d&#8217;un contracte, ni est\u00e0 autoritzada pel Dret de la Uni\u00f3 Europea o dels Estats membres ni es basa en el consentiment, t\u00e9. dret a no ser objecte d&#8217;una decisi\u00f3 basada \u00fanicament en el tractament automatitzat, inclosa l&#8217;elaboraci\u00f3 de perfils, que produeixi efectes jur\u00eddics o l&#8217;afecti significativament de manera semblant.<\/li>\n<li><strong>Dret a retirar el consentiment<\/strong> : Per a qualsevol tractament basat en el seu consentiment, t\u00e9 dret a retirar-lo, en qualsevol moment i de manera gratu\u00efta<\/li>\n<\/ul>\n<p>Per exercir qualsevol dels drets en mat\u00e8ria de protecci\u00f3 de dades descrites anteriorment haur\u00e0 de seguir les indicacions seg\u00fcents:<\/p>\n<ul>\n<li>Presentaci\u00f3 d&#8217;un escrit a l&#8217;adre\u00e7a C ROGER DE LLURIA 113,08223 TERRASSA (BARCELONA) (a l&#8217;atenci\u00f3 de TECNIMAT ELECTRONICA I COMUNICACIONS SL) o b\u00e9 per correu electr\u00f2nic a correu electr\u00f2nic a admin@tecnimat.com .<\/li>\n<li>L&#8217;escrit rem\u00e8s pel titular de les dades personals (interessat\/ada) que sol\u00b7licite l&#8217;exercici de drets haur\u00e0 de tenir en compte el seg\u00fcent:\n<ul>\n<li>S&#8217;haur\u00e0 d&#8217;identificar fefaentment i, en cas que concorrin dubtes sobre la identitat del sol\u00b7licitant, se us sol\u00b7licitar\u00e0 que solucioni la petici\u00f3 (p. ex. sol\u00b7licitant m\u00e9s informaci\u00f3, com el n\u00famero de DNI, el document del DNI, el correu electr\u00f2nic que va aportar , etc.)<\/li>\n<li>La sol\u00b7licitud la pot fer el representant, legal o voluntari, quan aquest estigui degudament identificat i autoritzat pel titular de les dades (mitjan\u00e7ant una autoritzaci\u00f3 expressa del titular per exercir els drets personal\u00edssims regulats a la normativa en mat\u00e8ria de protecci\u00f3 de dades personals).<\/li>\n<li>Petici\u00f3 en qu\u00e8 es concreta la sol\u00b7licitud (Dret\/es que es pretenen exercir). Si no feu refer\u00e8ncia a un tractament concret se us facilitar\u00e0 resposta en relaci\u00f3 a tots els tractaments que afecten les vostres dades de car\u00e0cter personal. Si sol\u00b7liciteu informaci\u00f3 d&#8217;un tractament en concret, nom\u00e9s la informaci\u00f3 d&#8217;aquest. Si ho demaneu per tel\u00e8fon se us indicar\u00e0 que ho feu per escrit i se us informar\u00e0 de com ho podeu fer i l&#8217;adre\u00e7a a la qual heu d&#8217;enviar-ho. Mai no se us donar\u00e0 informaci\u00f3 per tel\u00e8fon.<\/li>\n<li>Adre\u00e7a postal o electr\u00f2nica a efectes de notificacions.<\/li>\n<li>Documents acreditatius de la petici\u00f3 que formula, en cas que siguin necessaris.<\/li>\n<li>La persona sol\u00b7licitant ha d&#8217;utilitzar qualsevol mitj\u00e0 que permeti acreditar l&#8217;enviament i la recepci\u00f3 de la sol\u00b7licitud.<\/li>\n<\/ul>\n<\/li>\n<\/ul>\n<p>Finalment, us informem que teniu dret a presentar una reclamaci\u00f3 davant l&#8217;Ag\u00e8ncia Espanyola de Protecci\u00f3 de Dades en cas que en tingueu coneixement o considereu que un fet pugui suposar un incompliment de la normativa aplicable en mat\u00e8ria de protecci\u00f3 de dades.<\/p>\n<p>TECNIMAT ELECTRONICA I COMUNICACIONS SL es compromet a adoptar les mesures t\u00e8cniques i organitzatives necess\u00e0ries, d&#8217;acord amb el nivell de riscos que acompanyen els tractaments realitzats per aquestes i indicats a l&#8217;apartat dels termes i condicions d&#8217;\u00fas, de manera que garanteixin la seva integritat, confidencialitat i disponibilitat.<\/p>\n<p><strong>Darrera actualitzaci\u00f3<\/strong> : 12 de gener de 2023<\/p>\n\t\t\t\t\t\t\t\t<\/div>\n\t\t\t\t<\/div>\n\t\t\t\t\t<\/div>\n\t\t<\/div>\n\t\t\t\t\t<\/div>\n\t\t<\/section>\n\t\t\t\t<\/div>\n\t\t","protected":false},"excerpt":{"rendered":"<p>POL\u00cdTICA DE PRIVACITAT Dades del propietari de la web: RA\u00d3 SOCIAL TECNIMAT ELECTRONICA I COMUNICACIONS SL NIF B59824003 DOMINI https:\/\/www.tecnimat.com\/ ADRE\u00c7A POSTAL C ROGER DE LLURIA 113,08223 TERRASSA (BARCELONA) ADRE\u00c7A ELECTR\u00d2NICA admin@tecnimat.com TEL\u00c8FONS 937843352 N\u00ba REGISTRE\/ DADES ADDICIONALS Tom: 31895 Foli: 105 Full: 200222 Inscripci\u00f3: 1a Protecci\u00f3 de dades De conformitat amb la normativa vigent [&hellip;]<\/p>\n","protected":false},"author":1,"featured_media":0,"parent":0,"menu_order":0,"comment_status":"closed","ping_status":"closed","template":"","meta":{"site-sidebar-layout":"no-sidebar","site-content-layout":"page-builder","ast-site-content-layout":"default","site-content-style":"default","site-sidebar-style":"default","ast-global-header-display":"","ast-banner-title-visibility":"","ast-main-header-display":"","ast-hfb-above-header-display":"","ast-hfb-below-header-display":"","ast-hfb-mobile-header-display":"","site-post-title":"disabled","ast-breadcrumbs-content":"","ast-featured-img":"disabled","footer-sml-layout":"","ast-disable-related-posts":"","theme-transparent-header-meta":"default","adv-header-id-meta":"","stick-header-meta":"","header-above-stick-meta":"","header-main-stick-meta":"","header-below-stick-meta":"","astra-migrate-meta-layouts":"default","ast-page-background-enabled":"default","ast-page-background-meta":{"desktop":{"background-color":"var(--ast-global-color-4)","background-image":"","background-repeat":"repeat","background-position":"center center","background-size":"auto","background-attachment":"scroll","background-type":"","background-media":"","overlay-type":"","overlay-color":"","overlay-opacity":"","overlay-gradient":""},"tablet":{"background-color":"","background-image":"","background-repeat":"repeat","background-position":"center center","background-size":"auto","background-attachment":"scroll","background-type":"","background-media":"","overlay-type":"","overlay-color":"","overlay-opacity":"","overlay-gradient":""},"mobile":{"background-color":"","background-image":"","background-repeat":"repeat","background-position":"center center","background-size":"auto","background-attachment":"scroll","background-type":"","background-media":"","overlay-type":"","overlay-color":"","overlay-opacity":"","overlay-gradient":""}},"ast-content-background-meta":{"desktop":{"background-color":"var(--ast-global-color-5)","background-image":"","background-repeat":"repeat","background-position":"center center","background-size":"auto","background-attachment":"scroll","background-type":"","background-media":"","overlay-type":"","overlay-color":"","overlay-opacity":"","overlay-gradient":""},"tablet":{"background-color":"var(--ast-global-color-5)","background-image":"","background-repeat":"repeat","background-position":"center center","background-size":"auto","background-attachment":"scroll","background-type":"","background-media":"","overlay-type":"","overlay-color":"","overlay-opacity":"","overlay-gradient":""},"mobile":{"background-color":"var(--ast-global-color-5)","background-image":"","background-repeat":"repeat","background-position":"center center","background-size":"auto","background-attachment":"scroll","background-type":"","background-media":"","overlay-type":"","overlay-color":"","overlay-opacity":"","overlay-gradient":""}},"footnotes":""},"class_list":["post-823","page","type-page","status-publish","hentry"],"_links":{"self":[{"href":"https:\/\/www.tecnimat.com\/ca\/wp-json\/wp\/v2\/pages\/823","targetHints":{"allow":["GET"]}}],"collection":[{"href":"https:\/\/www.tecnimat.com\/ca\/wp-json\/wp\/v2\/pages"}],"about":[{"href":"https:\/\/www.tecnimat.com\/ca\/wp-json\/wp\/v2\/types\/page"}],"author":[{"embeddable":true,"href":"https:\/\/www.tecnimat.com\/ca\/wp-json\/wp\/v2\/users\/1"}],"replies":[{"embeddable":true,"href":"https:\/\/www.tecnimat.com\/ca\/wp-json\/wp\/v2\/comments?post=823"}],"version-history":[{"count":0,"href":"https:\/\/www.tecnimat.com\/ca\/wp-json\/wp\/v2\/pages\/823\/revisions"}],"wp:attachment":[{"href":"https:\/\/www.tecnimat.com\/ca\/wp-json\/wp\/v2\/media?parent=823"}],"curies":[{"name":"wp","href":"https:\/\/api.w.org\/{rel}","templated":true}]}}