{"id":840,"date":"2023-09-26T07:24:39","date_gmt":"2023-09-26T07:24:39","guid":{"rendered":"https:\/\/www.tecnimat.com\/politica-de-cookies-2\/"},"modified":"2023-09-26T07:43:12","modified_gmt":"2023-09-26T07:43:12","slug":"politica-de-cookies-2","status":"publish","type":"page","link":"https:\/\/www.tecnimat.com\/ca\/politica-de-cookies-2\/","title":{"rendered":"POL\u00cdTICA DE COOKIES"},"content":{"rendered":"\t\t<div data-elementor-type=\"wp-page\" data-elementor-id=\"840\" class=\"elementor elementor-840 elementor-838\" data-elementor-post-type=\"page\">\n\t\t\t\t\t\t<section class=\"elementor-section elementor-top-section elementor-element elementor-element-ccd7e94 elementor-section-full_width elementor-section-height-default elementor-section-height-default\" data-id=\"ccd7e94\" data-element_type=\"section\" data-settings=\"{&quot;background_background&quot;:&quot;classic&quot;}\">\n\t\t\t\t\t\t<div class=\"elementor-container elementor-column-gap-no\">\n\t\t\t\t\t<div class=\"elementor-column elementor-col-100 elementor-top-column elementor-element elementor-element-83375a3\" data-id=\"83375a3\" data-element_type=\"column\" data-settings=\"{&quot;background_background&quot;:&quot;classic&quot;}\">\n\t\t\t<div class=\"elementor-widget-wrap elementor-element-populated\">\n\t\t\t\t\t\t<div class=\"elementor-element elementor-element-6569f15 elementor-widget elementor-widget-heading\" data-id=\"6569f15\" data-element_type=\"widget\" data-widget_type=\"heading.default\">\n\t\t\t\t<div class=\"elementor-widget-container\">\n\t\t\t\t\t<h3 class=\"elementor-heading-title elementor-size-default\">POL\u00cdTICA DE COOKIES<\/h3>\t\t\t\t<\/div>\n\t\t\t\t<\/div>\n\t\t\t\t\t<\/div>\n\t\t<\/div>\n\t\t\t\t\t<\/div>\n\t\t<\/section>\n\t\t\t\t<section class=\"elementor-section elementor-top-section elementor-element elementor-element-ba610f0 elementor-section-boxed elementor-section-height-default elementor-section-height-default\" data-id=\"ba610f0\" data-element_type=\"section\">\n\t\t\t\t\t\t<div class=\"elementor-container elementor-column-gap-default\">\n\t\t\t\t\t<div class=\"elementor-column elementor-col-100 elementor-top-column elementor-element elementor-element-165cf29\" data-id=\"165cf29\" data-element_type=\"column\">\n\t\t\t<div class=\"elementor-widget-wrap elementor-element-populated\">\n\t\t\t\t\t\t<div class=\"elementor-element elementor-element-ff4e169 elementor-widget elementor-widget-text-editor\" data-id=\"ff4e169\" data-element_type=\"widget\" data-widget_type=\"text-editor.default\">\n\t\t\t\t<div class=\"elementor-widget-container\">\n\t\t\t\t\t\t\t\t\t<p>D&#8217;acord amb el que disposa l&#8217;article 22.2 de la Llei 34\/2002, d&#8217;11 de juliol, de Serveis de la Societat de la Informaci\u00f3 i de Comer\u00e7 Electr\u00f2nic (LSSI-CE) vigent, TECNIMAT ELECTRONICA I COMUNICACIONS SL ha de complir l&#8217;obligaci\u00f3 de informar sobre les galetes que utilitza i les seves finalitats.<\/p>\n<p>Aquest lloc web utilitza galetes i\/o tecnologies similars que emmagatzemen i recuperen informaci\u00f3 quan navegues.<\/p>\n<p>Les cookies permeten a una p\u00e0gina web, entre altres coses, emmagatzemar i recuperar informaci\u00f3 sobre els h\u00e0bits de navegaci\u00f3 d&#8217;un Usuari o del vostre equip i, depenent de la informaci\u00f3 que contingui i de la manera com utilitzeu el vostre equip, es poden utilitzar per recon\u00e8ixer a l&#8217;Usuari.<\/p>\n<p>Les cookies s\u00f3n essencials per al funcionament d&#8217;internet, aportant innombrables avantatges en la prestaci\u00f3 de serveis interactius, facilitant a l&#8217;usuari la navegaci\u00f3 i la usabilitat de la nostra web.<\/p>\n<p>L&#8217;usuari pot modificar la configuraci\u00f3 personalitzada AQU\u00cd.<\/p>\n<p>La informaci\u00f3 que us proporcionem a continuaci\u00f3 us ajudar\u00e0 a comprendre els diferents tipus de cookies:<\/p>\n<table border=\"1\" width=\"100%\" cellspacing=\"0\" cellpadding=\"5\">\n<tbody>\n<tr>\n<td colspan=\"3\" align=\"center\"><strong>TIPUS DE COOKIES<\/strong><\/td>\n<\/tr>\n<tr>\n<td rowspan=\"2\"><strong>SEGONS L&#8217;ENTITAT QUE LES GESTIONEU<\/strong><\/td>\n<td>COOKIES PR\u00d2PIES<\/td>\n<td>S\u00f3n \u200b\u200baquelles que s&#8217;envien a l&#8217;equip terminal de l&#8217;usuari des d&#8217;un equip o domini gestionat pel mateix editor i des del qual es presta el servei sol\u00b7licitat per l&#8217;usuari<\/td>\n<\/tr>\n<tr>\n<td>COOKIES DE TERCER<\/td>\n<td>S\u00f3n aquelles que s&#8217;envien a l&#8217;equip terminal de l&#8217;usuari des d&#8217;un equip o domini que no \u00e9s gestionat per l&#8217;editor, sin\u00f3 per una altra entitat que tracta les dades obtingudes a trav\u00e9s de les galetes.<\/td>\n<\/tr>\n<tr>\n<td rowspan=\"2\"><strong>SEGONS EL TERMINI DE TEMPS QUE ROMANDEN ACTIVADES<\/strong><\/td>\n<td>COOKIES DE SESSI\u00d3<\/td>\n<td>S\u00f3n aquelles dissenyades per demanar i emmagatzemar dades mentre l&#8217;usuari accedeix a una p\u00e0gina web. Se solen emprar per emmagatzemar informaci\u00f3 que nom\u00e9s interessa conservar per a la prestaci\u00f3 del servei sol\u00b7licitat per l&#8217;usuari en una sola ocasi\u00f3 (per exemple, una llista de productes adquirits) i desapareixen en acabar la sessi\u00f3<\/td>\n<\/tr>\n<tr>\n<td>COOKIES PERSISTENTS<\/td>\n<td>S\u00f3n \u200b\u200baquelles en qu\u00e8 les dades segueixen emmagatzemades al terminal i poden ser accedides i tractades durant un per\u00edode definit pel responsable de la galeta, i que pot anar d&#8217;uns minuts a diversos anys.<\/td>\n<\/tr>\n<tr>\n<td rowspan=\"5\"><strong>SEGONS LA SEVA FINALITAT<\/strong><\/td>\n<td>COOKIES T\u00c8CNIQUES<\/td>\n<td>S\u00f3n \u200b\u200baquelles que permeten a l&#8217;usuari la navegaci\u00f3 a trav\u00e9s d&#8217;una p\u00e0gina web, plataforma o aplicaci\u00f3 i la utilitzaci\u00f3 de les diferents opcions o serveis que hi hagi<\/td>\n<\/tr>\n<tr>\n<td>COOKIES DE PERSONALITZACI\u00d3<\/td>\n<td>Permeten aplicar caracter\u00edstiques pr\u00f2pies per a la navegaci\u00f3 de l&#8217;usuari pel web (Ex. idioma).<\/td>\n<\/tr>\n<tr>\n<td>COOKIES D&#8217;AN\u00c0LISI<\/td>\n<td>S\u00f3n aquelles que permeten al responsable d&#8217;aquestes el seguiment i an\u00e0lisi del comportament dels usuaris dels llocs web a qu\u00e8 estan mesures per al compliment normatiu \u00b7 servei compliance vinculades, inclosa la quantificaci\u00f3 dels impactes dels anuncis. La informaci\u00f3 recollida mitjan\u00e7ant aquest tipus de galetes s&#8217;utilitza en el mesurament de l&#8217;activitat dels llocs web, aplicaci\u00f3 o plataforma, per introduir millores en funci\u00f3 de l&#8217;an\u00e0lisi de les dades d&#8217;\u00fas que fan els usuaris del servei.<\/td>\n<\/tr>\n<tr>\n<td>COOKIES PUBLICIT\u00c0RIES<\/td>\n<td>Permeten a l&#8217;editor incloure a la p\u00e0gina web espais publicitaris, segons el contingut de la pr\u00f2pia web.<\/td>\n<\/tr>\n<tr>\n<td>COOKIES DE PUBLICITAT COMPORTAMENTAL<\/td>\n<td>S\u00f3n aquelles que emmagatzemen informaci\u00f3 del comportament dels usuaris obtinguda a trav\u00e9s de l&#8217;observaci\u00f3 continuada dels seus h\u00e0bits de navegaci\u00f3, cosa que permet desenvolupar un perfil espec\u00edfic per mostrar publicitat en funci\u00f3 del mateix.<\/td>\n<\/tr>\n<\/tbody>\n<\/table>\n<p>Addicionalment, TECNIMAT ELECTRONICA I COMUNICACIONS SL informa de manera m\u00e9s detallada de les cookies que utilitza els seus titulars, l&#8217;\u00fas o finalitat concreta, els terminis de conservaci\u00f3, aix\u00ed com de les possibles Transfer\u00e8ncies Internacionals de dades de cadascuna d&#8217;elles utilitzades a la nostra p\u00e0gina web :<\/p>\n<table border=\"1\" width=\"100%\" cellspacing=\"0\" cellpadding=\"5\">\n<tbody>\n<tr>\n<td><strong>Tipus de galeta<\/strong><\/td>\n<td><strong>Finalitat<\/strong><\/td>\n<td><strong>Entitat responsable i enlla\u00e7 a la seva pol\u00edtica de privadesa i protecci\u00f3 de dades<\/strong><\/td>\n<td><strong>Termini de temps )<\/strong><\/td>\n<\/tr>\n<tr>\n<td><strong>gdpr allowed_cookies<\/strong><\/td>\n<td>Utilitzades pel plugin gdpr per emmagatzemar les vostres prefer\u00e8ncies sobre l&#8217;\u00fas de cookies<\/td>\n<td>Tecnimat<\/td>\n<p> <\/p>\n<td><a>Protecci\u00f3 de dades<\/a><\/td>\n<td>1 dia<\/td>\n<\/tr>\n<tr>\n<td><strong>gdpr consent_types<\/strong><\/td>\n<td>Utilitzades pel plugin gdpr per emmagatzemar les vostres prefer\u00e8ncies sobre el consentiment de pol\u00edtica de dades<\/td>\n<td>Tecnimat<\/td>\n<p> <\/p>\n<td><a>Protecci\u00f3 de dades<\/a><\/td>\n<td>1 dia<\/td>\n<\/tr>\n<tr>\n<td><strong>gdpr privacy_bar<\/strong><\/td>\n<td>Utilitzades pel plugin gdpr per emmagatzemar les vostres prefer\u00e8ncies sobre privavitat<\/td>\n<td>Tecnimat<\/td>\n<p> <\/p>\n<td><a>Protecci\u00f3 de dades<\/a><\/td>\n<td>1 dia<\/td>\n<\/tr>\n<tr>\n<td><strong>Google Analytics (_ga)<\/strong><\/td>\n<td>S\u00f3n aquelles que permeten al responsable de les mateixes, el seguiment i an\u00e0lisi del comportament dels usuaris dels llocs web a qu\u00e8 estan vinculades. La informaci\u00f3 recollida mitjan\u00e7ant aquest tipus de cookies s&#8217;utilitza en el mesurament de l&#8217;activitat dels llocs web, aplicaci\u00f3 o plataforma i per a l&#8217;elaboraci\u00f3 de perfils de navegaci\u00f3 dels usuaris d&#8217;aquests llocs, aplicacions i plataformes, per introduir millores a funci\u00f3 de lan\u00e0lisi de les dades d\u00fas que fan els usuaris del servei.<\/td>\n<td>Google<\/td>\n<p> <\/p>\n<td><a href=\"https:\/\/policies.google.com\/privacy?hl=es\" target=\"_blank\" rel=\"noopener noreferrer\">https:\/\/policies.google.com\/privacy?hl=ca<\/a><\/td>\n<td>24H<\/td>\n<\/tr>\n<tr>\n<td><strong>Google Analytics (_gat)<\/strong><\/td>\n<td>Limita el percentatge de sol\u00b7licituds al servidor de Google per evitar sobresaturacions en demanar estad\u00edstiques.<\/td>\n<td>Google<\/td>\n<p> <\/p>\n<td><a href=\"https:\/\/policies.google.com\/privacy?hl=es\" target=\"_blank\" rel=\"noopener noreferrer\">https:\/\/policies.google.com\/privacy?hl=ca<\/a><\/td>\n<td>1 min<\/td>\n<\/tr>\n<\/tbody>\n<\/table>\n<p>Podeu informar-vos de les transfer\u00e8ncies internacionals a tercers pa\u00efsos que, si escau, realitzen els TERCERS, identificats en aquesta pol\u00edtica de cookies, en les pol\u00edtiques corresponents (fer clic sobre el titular de la galeta).<\/p>\n<p>TECNIMAT ELECTRONICA I COMUNICACIONS SL informa de manera m\u00e9s exhaustiva la informaci\u00f3 relativa a les transfer\u00e8ncies internacionals derivades de la utilitzaci\u00f3 de cookies pr\u00f2pies:<\/p>\n<p>Tingueu en compte que, si accepteu les galetes de tercers, les heu d&#8217;eliminar des de les opcions del navegador o des del sistema ofert pel mateix tercer.<\/p>\n<p>A continuaci\u00f3, us proporcionem els enlla\u00e7os de diversos navegadors, a trav\u00e9s dels quals podreu modificar la configuraci\u00f3 del vostre navegador sobre l&#8217;\u00fas de cookies:<\/p>\n<p>&#8211; Firefox: <a href=\"http:\/\/support.mozilla.org\/es\/kb\/habilitar-y-deshabilitar-cookies-que-los-sitios-we\" target=\"_blank\" rel=\"noopener\">http:\/\/support.mozilla.org\/es\/kb\/habilitar-y-deshabilitar-cookies-que-los-sitios-we<\/a><br \/>&#8211; Chrome: <a href=\"http:\/\/support.google.com\/chrome\/bin\/answer.py?hl=es&amp;answer=95647\" target=\"_blank\" rel=\"noopener\">http:\/\/support.google.com\/chrome\/bin\/answer.py?hl=ca&amp;answer=95647<\/a> <br \/>&#8211; Internet Explorer: <a href=\"http:\/\/windows.microsoft.com\/es-es\/internet-explorer\/delete-manage-cookies#ie=ie10\" target=\"_blank\" rel=\"noopener\">http:\/\/windows.microsoft.com\/es-es\/internet-explorer\/delete-manage-cookies#ie=ie10<\/a><br \/>&#8211; Microsoft Edge: <a href=\"https:\/\/support.microsoft.com\/es-es\/microsoft-edge\/eliminar-las-cookies-en-microsoftedge-63947406-40ac-c3b8-57b9-2a946a29ae09\" target=\"_blank\" rel=\"noopener\">https:\/\/support.microsoft.com\/es-es\/microsoft-edge\/eliminar-las-cookies-en-microsoftedge-63947406-40ac-c3b8-57b9-2a946a29ae09<\/a><br \/>&#8211; Safari: <a href=\"https:\/\/support.apple.com\/kb\/ph17191?locale=es_ES\" target=\"_blank\" rel=\"noopener\">https:\/\/support.apple.com\/kb\/ph17191?locale=ca_ES<\/a><br \/>mesures per al compliment normatiu \u00b7 servei compliance<br \/>&#8211; Opera: <a href=\"https:\/\/help.opera.com\/en\/latest\/web-preferences\/#cookies\" target=\"_blank\" rel=\"noopener\">https:\/\/help.opera.com\/en\/latest\/web-preferences\/#cookies<\/a><\/p>\n<p>Per con\u00e8ixer m\u00e9s informaci\u00f3 sobre el tractament de dades personals, us recomanem visitar el nostre apartat \u201cPol\u00edtica de Privadesa\u201d.<\/p>\n<p><strong>Darrera actualitzaci\u00f3<\/strong> : 12 de gener de 2023<\/p>\n\t\t\t\t\t\t\t\t<\/div>\n\t\t\t\t<\/div>\n\t\t\t\t\t<\/div>\n\t\t<\/div>\n\t\t\t\t\t<\/div>\n\t\t<\/section>\n\t\t\t\t<\/div>\n\t\t","protected":false},"excerpt":{"rendered":"<p>POL\u00cdTICA DE COOKIES D&#8217;acord amb el que disposa l&#8217;article 22.2 de la Llei 34\/2002, d&#8217;11 de juliol, de Serveis de la Societat de la Informaci\u00f3 i de Comer\u00e7 Electr\u00f2nic (LSSI-CE) vigent, TECNIMAT ELECTRONICA I COMUNICACIONS SL ha de complir l&#8217;obligaci\u00f3 de informar sobre les galetes que utilitza i les seves finalitats. Aquest lloc web utilitza [&hellip;]<\/p>\n","protected":false},"author":1,"featured_media":0,"parent":0,"menu_order":0,"comment_status":"closed","ping_status":"closed","template":"","meta":{"site-sidebar-layout":"no-sidebar","site-content-layout":"page-builder","ast-site-content-layout":"default","site-content-style":"default","site-sidebar-style":"default","ast-global-header-display":"","ast-banner-title-visibility":"","ast-main-header-display":"","ast-hfb-above-header-display":"","ast-hfb-below-header-display":"","ast-hfb-mobile-header-display":"","site-post-title":"disabled","ast-breadcrumbs-content":"","ast-featured-img":"disabled","footer-sml-layout":"","ast-disable-related-posts":"","theme-transparent-header-meta":"default","adv-header-id-meta":"","stick-header-meta":"","header-above-stick-meta":"","header-main-stick-meta":"","header-below-stick-meta":"","astra-migrate-meta-layouts":"default","ast-page-background-enabled":"default","ast-page-background-meta":{"desktop":{"background-color":"var(--ast-global-color-4)","background-image":"","background-repeat":"repeat","background-position":"center center","background-size":"auto","background-attachment":"scroll","background-type":"","background-media":"","overlay-type":"","overlay-color":"","overlay-opacity":"","overlay-gradient":""},"tablet":{"background-color":"","background-image":"","background-repeat":"repeat","background-position":"center center","background-size":"auto","background-attachment":"scroll","background-type":"","background-media":"","overlay-type":"","overlay-color":"","overlay-opacity":"","overlay-gradient":""},"mobile":{"background-color":"","background-image":"","background-repeat":"repeat","background-position":"center center","background-size":"auto","background-attachment":"scroll","background-type":"","background-media":"","overlay-type":"","overlay-color":"","overlay-opacity":"","overlay-gradient":""}},"ast-content-background-meta":{"desktop":{"background-color":"var(--ast-global-color-5)","background-image":"","background-repeat":"repeat","background-position":"center center","background-size":"auto","background-attachment":"scroll","background-type":"","background-media":"","overlay-type":"","overlay-color":"","overlay-opacity":"","overlay-gradient":""},"tablet":{"background-color":"var(--ast-global-color-5)","background-image":"","background-repeat":"repeat","background-position":"center center","background-size":"auto","background-attachment":"scroll","background-type":"","background-media":"","overlay-type":"","overlay-color":"","overlay-opacity":"","overlay-gradient":""},"mobile":{"background-color":"var(--ast-global-color-5)","background-image":"","background-repeat":"repeat","background-position":"center center","background-size":"auto","background-attachment":"scroll","background-type":"","background-media":"","overlay-type":"","overlay-color":"","overlay-opacity":"","overlay-gradient":""}},"footnotes":""},"class_list":["post-840","page","type-page","status-publish","hentry"],"_links":{"self":[{"href":"https:\/\/www.tecnimat.com\/ca\/wp-json\/wp\/v2\/pages\/840","targetHints":{"allow":["GET"]}}],"collection":[{"href":"https:\/\/www.tecnimat.com\/ca\/wp-json\/wp\/v2\/pages"}],"about":[{"href":"https:\/\/www.tecnimat.com\/ca\/wp-json\/wp\/v2\/types\/page"}],"author":[{"embeddable":true,"href":"https:\/\/www.tecnimat.com\/ca\/wp-json\/wp\/v2\/users\/1"}],"replies":[{"embeddable":true,"href":"https:\/\/www.tecnimat.com\/ca\/wp-json\/wp\/v2\/comments?post=840"}],"version-history":[{"count":0,"href":"https:\/\/www.tecnimat.com\/ca\/wp-json\/wp\/v2\/pages\/840\/revisions"}],"wp:attachment":[{"href":"https:\/\/www.tecnimat.com\/ca\/wp-json\/wp\/v2\/media?parent=840"}],"curies":[{"name":"wp","href":"https:\/\/api.w.org\/{rel}","templated":true}]}}